{"id":8,"date":"2020-04-27T08:59:11","date_gmt":"2020-04-27T11:59:11","guid":{"rendered":"http:\/\/mvrinaldi.site\/recipes\/index.php\/recipe-search-results\/"},"modified":"2021-01-08T12:00:37","modified_gmt":"2021-01-08T15:00:37","slug":"recipe-search-results","status":"publish","type":"page","link":"https:\/\/mvrinaldi.com.br\/recipes\/recipe-search-results\/","title":{"rendered":"Resultados da pesquisa"},"content":{"rendered":"\t\t<h4 class=\"br-search-title\">Search for a Recipe<\/h4>\n\n\t\t<form method=\"get\" action='https:\/\/mvrinaldi.com.br\/recipes\/recipe-search-results\/' id=\"blossom-recipe-search-form\">\n\t\t\t<div class=\"recipe-search-form\">\n\t\t\t\t<input type=\"hidden\" name=\"recipe-search-nonce\" value=\"53f02b4aed\">\n\n\t\t\t\t<div class='recipe-search-field recipe-keyword'>\n\t\t\t\t\t<h4>Keyword<\/h4>\n\t\t\t\t\t<input class=\"search-keyword\" placeholder=\"Search \u2026\" value=\"\" name=\"search\" id=\"search\" type=\"text\">\n\t\t\t\t<\/div>\n\t\t<div class='recipe-search-field recipe-category'><h4>Category<\/h4><div class='custom-select'>CategoryAcompanhamentosCarnesDoces e SobremesasMassasPeixesSanduichesSnacks<\/div><\/div><div class='recipe-search-field recipe-cuisine'><h4>Cuisine<\/h4><div class='custom-select'>CuisineAlem\u00e3AmericanaBrasileiraItalianaMediterr\u00e2neaPortuguesa<\/div><\/div><div class='recipe-search-field recipe-cooking-method'><h4>Cooking Method<\/h4><div class='custom-select'>Cooking MethodFog\u00e3oFornoFreezer<\/div><\/div><div class='recipe-search-field recipe-tag'><h4>Tags<\/h4><div class='custom-select'>Tagsbaconcarnechocolatedoceslim\u00e3omassaspeixepizzasorvetetorta<\/div><\/div>\t\t\t\t<div class='recipe-search-field-submit'>\n\t\t\t\t   <input type=\"submit\" name=\"recipe_search\" value=\"Search\">\n\t\t\t\t<\/div>\n\n\t\t\t<\/div>\n\t\t<\/form>\n\t\t\n\t\t<div class=\"recipe-search-wrap\">\n\n\t\t\t<h3 class=\"postsFound\">18 recipe(s) found<\/h3>\t\t\t\t<div class=\"grid\" itemscope itemtype=\"http:\/\/schema.org\/ItemList\">\n\t\t\t\t\t\t\t\t\t\t\t<div class=\"col\" itemprop=\"itemListElement\" itemscope itemtype=\"http:\/\/schema.org\/ListItem\">\n\t\t\t\t\t\t\t<meta itemprop=\"position\" content=\"276\" \/>\n\t\t\t\t\t\t\t<div class=\"img-holder\">\n\t\t\t\t\t\t\t\t<a href=\"https:\/\/mvrinaldi.com.br\/recipes\/recipes\/sorvete-de-praline-com-castanhas\/\" class=\"recipe-post-thumbnail\">\n\t\t\t\t\t\t\t\t\t<img loading=\"lazy\" decoding=\"async\" width=\"420\" height=\"313\" src=\"https:\/\/mvrinaldi.com.br\/recipes\/wp-content\/uploads\/2024\/02\/sorvetePraline-420x313.png\" class=\"attachment-recipe-maker-thumbnail-size size-recipe-maker-thumbnail-size\" alt=\"\" \/>\t\t\t\t\t\t\t\t<\/a>\n\t\t\t\t\t\t\t<\/div>\n\t\t\t\t\t\t\t<div class=\"text-holder\">\n\t\t\t\t\t\t\t\t<h3 class=\"entry-title\">\n\t\t\t\t\t\t\t\t\t<a href=\"https:\/\/mvrinaldi.com.br\/recipes\/recipes\/sorvete-de-praline-com-castanhas\/\">\n\t\t\t\t\t\t\t\t\t\tSorvete de pralin\u00e9 com castanhas\t\t\t\t\t\t\t\t\t<\/a>\n\t\t\t\t\t\t\t\t<\/h3>\n\t\t\t\t\t\t\t\t\t\t\t<div id=\"br-recipe-category-links\">\n\n\t\t\t\t<div class=\"br-author\"><i class=\"far fa-user-circle\"><\/i><span class=\"br-author-info\">Author: <a href=\"https:\/\/mvrinaldi.com.br\/recipes\/author\/mvrinaldi\/\" title=\"Posts de Marcos Vin\u00edcius\" rel=\"author\">Marcos Vin\u00edcius<\/a><\/span><\/div>\n\t\t\t\t<div class=\"br-category\"><i class=\"fas fa-tag\"><\/i><span class=\"br-cat-links\">Category: <a href=\"https:\/\/mvrinaldi.com.br\/recipes\/recipe-category\/doces-e-sobremesas\/\" rel=\"tag\">Doces e Sobremesas<\/a><\/span><\/div><div class=\"br-cooking-method\"><i class=\"fas fa-utensils\"><\/i><span class=\"cooking-method-links\">Cooking Method: <a href=\"https:\/\/mvrinaldi.com.br\/recipes\/recipe-cooking-method\/freezer\/\" rel=\"tag\">Freezer<\/a><\/span><\/div>\t\t\t<\/div>\n\t\t\t\t\t\t\t\t\t\t\t<div class=\"recipe-description\">\n\t\t\t\t\t\t\t\t\t\t\t\t\t\t\t\t\t<\/div>\n\t\t\t\t\t\t\t\t<div class=\"readmore-btn\">\n\t\t\t\t\t\t\t\t\t<a itemprop=\"url\" class=\"more-button\" href=\"https:\/\/mvrinaldi.com.br\/recipes\/recipes\/sorvete-de-praline-com-castanhas\/\">View Recipe<\/a>\n\t\t\t\t\t\t\t\t<\/div>\n\t\t\t\t\t\t\t<\/div>\n\n\t\t\t\t\t\t<\/div>\n\t\t\t\t\t\t\t\t\t\t\t\t<div class=\"col\" itemprop=\"itemListElement\" itemscope itemtype=\"http:\/\/schema.org\/ListItem\">\n\t\t\t\t\t\t\t<meta itemprop=\"position\" content=\"268\" \/>\n\t\t\t\t\t\t\t<div class=\"img-holder\">\n\t\t\t\t\t\t\t\t<a href=\"https:\/\/mvrinaldi.com.br\/recipes\/recipes\/bolo-de-maca-com-canela\/\" class=\"recipe-post-thumbnail\">\n\t\t\t\t\t\t\t\t\t<img loading=\"lazy\" decoding=\"async\" width=\"415\" height=\"313\" src=\"https:\/\/mvrinaldi.com.br\/recipes\/wp-content\/uploads\/2023\/10\/boloMaca1-415x313.jpg\" class=\"attachment-recipe-maker-thumbnail-size size-recipe-maker-thumbnail-size\" alt=\"\" \/>\t\t\t\t\t\t\t\t<\/a>\n\t\t\t\t\t\t\t<\/div>\n\t\t\t\t\t\t\t<div class=\"text-holder\">\n\t\t\t\t\t\t\t\t<h3 class=\"entry-title\">\n\t\t\t\t\t\t\t\t\t<a href=\"https:\/\/mvrinaldi.com.br\/recipes\/recipes\/bolo-de-maca-com-canela\/\">\n\t\t\t\t\t\t\t\t\t\tBolo de ma\u00e7\u00e3 com canela\t\t\t\t\t\t\t\t\t<\/a>\n\t\t\t\t\t\t\t\t<\/h3>\n\t\t\t\t\t\t\t\t\t\t\t<div id=\"br-recipe-category-links\">\n\n\t\t\t\t<div class=\"br-author\"><i class=\"far fa-user-circle\"><\/i><span class=\"br-author-info\">Author: <a href=\"https:\/\/mvrinaldi.com.br\/recipes\/author\/mvrinaldi\/\" title=\"Posts de Marcos Vin\u00edcius\" rel=\"author\">Marcos Vin\u00edcius<\/a><\/span><\/div>\n\t\t\t\t<div class=\"br-category\"><i class=\"fas fa-tag\"><\/i><span class=\"br-cat-links\">Category: <a href=\"https:\/\/mvrinaldi.com.br\/recipes\/recipe-category\/doces-e-sobremesas\/\" rel=\"tag\">Doces e Sobremesas<\/a><\/span><\/div><div class=\"br-cuisine\"><i class=\"fas fa-utensils\"><\/i><span class=\"cuisine-links\">Cuisine: <a href=\"https:\/\/mvrinaldi.com.br\/recipes\/recipe-cuisine\/brasileira\/\" rel=\"tag\">Brasileira<\/a><\/span><\/div>\t\t\t<\/div>\n\t\t\t\t\t\t\t\t\t\t\t<div class=\"recipe-description\">\n\t\t\t\t\t\t\t\t\tReceita tirada do site: https:\/\/www.tudogostoso.com.br\/receita\/78068-bolo-de-maca-com-canela.html\t\t\t\t\t\t\t\t<\/div>\n\t\t\t\t\t\t\t\t<div class=\"readmore-btn\">\n\t\t\t\t\t\t\t\t\t<a itemprop=\"url\" class=\"more-button\" href=\"https:\/\/mvrinaldi.com.br\/recipes\/recipes\/bolo-de-maca-com-canela\/\">View Recipe<\/a>\n\t\t\t\t\t\t\t\t<\/div>\n\t\t\t\t\t\t\t<\/div>\n\n\t\t\t\t\t\t<\/div>\n\t\t\t\t\t\t\t\t\t\t\t\t<div class=\"col\" itemprop=\"itemListElement\" itemscope itemtype=\"http:\/\/schema.org\/ListItem\">\n\t\t\t\t\t\t\t<meta itemprop=\"position\" content=\"258\" \/>\n\t\t\t\t\t\t\t<div class=\"img-holder\">\n\t\t\t\t\t\t\t\t<a href=\"https:\/\/mvrinaldi.com.br\/recipes\/recipes\/camarao-a-provencal\/\" class=\"recipe-post-thumbnail\">\n\t\t\t\t\t\t\t\t\t<img loading=\"lazy\" decoding=\"async\" width=\"415\" height=\"313\" src=\"https:\/\/mvrinaldi.com.br\/recipes\/wp-content\/uploads\/2023\/01\/camaraoRed-e1673808514764-415x313.png\" class=\"attachment-recipe-maker-thumbnail-size size-recipe-maker-thumbnail-size\" alt=\"\" \/>\t\t\t\t\t\t\t\t<\/a>\n\t\t\t\t\t\t\t<\/div>\n\t\t\t\t\t\t\t<div class=\"text-holder\">\n\t\t\t\t\t\t\t\t<h3 class=\"entry-title\">\n\t\t\t\t\t\t\t\t\t<a href=\"https:\/\/mvrinaldi.com.br\/recipes\/recipes\/camarao-a-provencal\/\">\n\t\t\t\t\t\t\t\t\t\tCamar\u00e3o \u00e0 Proven\u00e7al\t\t\t\t\t\t\t\t\t<\/a>\n\t\t\t\t\t\t\t\t<\/h3>\n\t\t\t\t\t\t\t\t\t\t\t<div id=\"br-recipe-category-links\">\n\n\t\t\t\t<div class=\"br-author\"><i class=\"far fa-user-circle\"><\/i><span class=\"br-author-info\">Author: <a href=\"https:\/\/mvrinaldi.com.br\/recipes\/author\/retirada-da-internet\/\" title=\"Posts de Retirada da Internet\" rel=\"author\">Retirada da Internet<\/a><\/span><\/div>\n\t\t\t\t<div class=\"br-category\"><i class=\"fas fa-tag\"><\/i><span class=\"br-cat-links\">Category: <a href=\"https:\/\/mvrinaldi.com.br\/recipes\/recipe-category\/peixes\/\" rel=\"tag\">Peixes<\/a><\/span><\/div><div class=\"br-cuisine\"><i class=\"fas fa-utensils\"><\/i><span class=\"cuisine-links\">Cuisine: <a href=\"https:\/\/mvrinaldi.com.br\/recipes\/recipe-cuisine\/mediterranea\/\" rel=\"tag\">Mediterr\u00e2nea<\/a><\/span><\/div><div class=\"br-cooking-method\"><i class=\"fas fa-utensils\"><\/i><span class=\"cooking-method-links\">Cooking Method: <a href=\"https:\/\/mvrinaldi.com.br\/recipes\/recipe-cooking-method\/fogao\/\" rel=\"tag\">Fog\u00e3o<\/a><\/span><\/div>\t\t\t<\/div>\n\t\t\t\t\t\t\t\t\t\t\t<div class=\"recipe-description\">\n\t\t\t\t\t\t\t\t\t\t\t\t\t\t\t\t\t<\/div>\n\t\t\t\t\t\t\t\t<div class=\"readmore-btn\">\n\t\t\t\t\t\t\t\t\t<a itemprop=\"url\" class=\"more-button\" href=\"https:\/\/mvrinaldi.com.br\/recipes\/recipes\/camarao-a-provencal\/\">View Recipe<\/a>\n\t\t\t\t\t\t\t\t<\/div>\n\t\t\t\t\t\t\t<\/div>\n\n\t\t\t\t\t\t<\/div>\n\t\t\t\t\t\t\t\t\t\t\t\t<div class=\"col\" itemprop=\"itemListElement\" itemscope itemtype=\"http:\/\/schema.org\/ListItem\">\n\t\t\t\t\t\t\t<meta itemprop=\"position\" content=\"199\" \/>\n\t\t\t\t\t\t\t<div class=\"img-holder\">\n\t\t\t\t\t\t\t\t<a href=\"https:\/\/mvrinaldi.com.br\/recipes\/recipes\/pizza_napolitana\/\" class=\"recipe-post-thumbnail\">\n\t\t\t\t\t\t\t\t\t<img loading=\"lazy\" decoding=\"async\" width=\"418\" height=\"313\" src=\"https:\/\/mvrinaldi.com.br\/recipes\/wp-content\/uploads\/2022\/07\/pizza-418x313.png\" class=\"attachment-recipe-maker-thumbnail-size size-recipe-maker-thumbnail-size\" alt=\"\" \/>\t\t\t\t\t\t\t\t<\/a>\n\t\t\t\t\t\t\t<\/div>\n\t\t\t\t\t\t\t<div class=\"text-holder\">\n\t\t\t\t\t\t\t\t<h3 class=\"entry-title\">\n\t\t\t\t\t\t\t\t\t<a href=\"https:\/\/mvrinaldi.com.br\/recipes\/recipes\/pizza_napolitana\/\">\n\t\t\t\t\t\t\t\t\t\tPizza Napolitana\t\t\t\t\t\t\t\t\t<\/a>\n\t\t\t\t\t\t\t\t<\/h3>\n\t\t\t\t\t\t\t\t\t\t\t<div id=\"br-recipe-category-links\">\n\n\t\t\t\t<div class=\"br-author\"><i class=\"far fa-user-circle\"><\/i><span class=\"br-author-info\">Author: <a href=\"https:\/\/mvrinaldi.com.br\/recipes\/author\/mvrinaldi\/\" title=\"Posts de Marcos Vin\u00edcius\" rel=\"author\">Marcos Vin\u00edcius<\/a><\/span><\/div>\n\t\t\t\t<div class=\"br-category\"><i class=\"fas fa-tag\"><\/i><span class=\"br-cat-links\">Category: <a href=\"https:\/\/mvrinaldi.com.br\/recipes\/recipe-category\/massas\/\" rel=\"tag\">Massas<\/a><\/span><\/div><div class=\"br-cuisine\"><i class=\"fas fa-utensils\"><\/i><span class=\"cuisine-links\">Cuisine: <a href=\"https:\/\/mvrinaldi.com.br\/recipes\/recipe-cuisine\/italiana\/\" rel=\"tag\">Italiana<\/a><\/span><\/div>\t\t\t<\/div>\n\t\t\t\t\t\t\t\t\t\t\t<div class=\"recipe-description\">\n\t\t\t\t\t\t\t\t\t\t\t\t\t\t\t\t\t<\/div>\n\t\t\t\t\t\t\t\t<div class=\"readmore-btn\">\n\t\t\t\t\t\t\t\t\t<a itemprop=\"url\" class=\"more-button\" href=\"https:\/\/mvrinaldi.com.br\/recipes\/recipes\/pizza_napolitana\/\">View Recipe<\/a>\n\t\t\t\t\t\t\t\t<\/div>\n\t\t\t\t\t\t\t<\/div>\n\n\t\t\t\t\t\t<\/div>\n\t\t\t\t\t\t\t\t\t\t\t\t<div class=\"col\" itemprop=\"itemListElement\" itemscope itemtype=\"http:\/\/schema.org\/ListItem\">\n\t\t\t\t\t\t\t<meta itemprop=\"position\" content=\"177\" \/>\n\t\t\t\t\t\t\t<div class=\"img-holder\">\n\t\t\t\t\t\t\t\t<a href=\"https:\/\/mvrinaldi.com.br\/recipes\/recipes\/torta-trufada-de-limao\/\" class=\"recipe-post-thumbnail\">\n\t\t\t\t\t\t\t\t\t<img loading=\"lazy\" decoding=\"async\" width=\"417\" height=\"313\" src=\"https:\/\/mvrinaldi.com.br\/recipes\/wp-content\/uploads\/2022\/07\/limao-417x313.png\" class=\"attachment-recipe-maker-thumbnail-size size-recipe-maker-thumbnail-size\" alt=\"\" \/>\t\t\t\t\t\t\t\t<\/a>\n\t\t\t\t\t\t\t<\/div>\n\t\t\t\t\t\t\t<div class=\"text-holder\">\n\t\t\t\t\t\t\t\t<h3 class=\"entry-title\">\n\t\t\t\t\t\t\t\t\t<a href=\"https:\/\/mvrinaldi.com.br\/recipes\/recipes\/torta-trufada-de-limao\/\">\n\t\t\t\t\t\t\t\t\t\tTorta Trufada de Lim\u00e3o\t\t\t\t\t\t\t\t\t<\/a>\n\t\t\t\t\t\t\t\t<\/h3>\n\t\t\t\t\t\t\t\t\t\t\t<div id=\"br-recipe-category-links\">\n\n\t\t\t\t<div class=\"br-author\"><i class=\"far fa-user-circle\"><\/i><span class=\"br-author-info\">Author: <a href=\"https:\/\/mvrinaldi.com.br\/recipes\/author\/mvrinaldi\/\" title=\"Posts de Marcos Vin\u00edcius\" rel=\"author\">Marcos Vin\u00edcius<\/a><\/span><\/div>\n\t\t\t\t<div class=\"br-category\"><i class=\"fas fa-tag\"><\/i><span class=\"br-cat-links\">Category: <a href=\"https:\/\/mvrinaldi.com.br\/recipes\/recipe-category\/doces-e-sobremesas\/\" rel=\"tag\">Doces e Sobremesas<\/a><\/span><\/div>\t\t\t<\/div>\n\t\t\t\t\t\t\t\t\t\t\t<div class=\"recipe-description\">\n\t\t\t\t\t\t\t\t\t\t\t\t\t\t\t\t\t<\/div>\n\t\t\t\t\t\t\t\t<div class=\"readmore-btn\">\n\t\t\t\t\t\t\t\t\t<a itemprop=\"url\" class=\"more-button\" href=\"https:\/\/mvrinaldi.com.br\/recipes\/recipes\/torta-trufada-de-limao\/\">View Recipe<\/a>\n\t\t\t\t\t\t\t\t<\/div>\n\t\t\t\t\t\t\t<\/div>\n\n\t\t\t\t\t\t<\/div>\n\t\t\t\t\t\t\t\t\t\t\t\t<div class=\"col\" itemprop=\"itemListElement\" itemscope itemtype=\"http:\/\/schema.org\/ListItem\">\n\t\t\t\t\t\t\t<meta itemprop=\"position\" content=\"172\" \/>\n\t\t\t\t\t\t\t<div class=\"img-holder\">\n\t\t\t\t\t\t\t\t<a href=\"https:\/\/mvrinaldi.com.br\/recipes\/recipes\/sanduiche-cubano\/\" class=\"recipe-post-thumbnail\">\n\t\t\t\t\t\t\t\t\t<img loading=\"lazy\" decoding=\"async\" width=\"416\" height=\"313\" src=\"https:\/\/mvrinaldi.com.br\/recipes\/wp-content\/uploads\/2021\/09\/sanduiche-cubano-416x313.png\" class=\"attachment-recipe-maker-thumbnail-size size-recipe-maker-thumbnail-size\" alt=\"\" \/>\t\t\t\t\t\t\t\t<\/a>\n\t\t\t\t\t\t\t<\/div>\n\t\t\t\t\t\t\t<div class=\"text-holder\">\n\t\t\t\t\t\t\t\t<h3 class=\"entry-title\">\n\t\t\t\t\t\t\t\t\t<a href=\"https:\/\/mvrinaldi.com.br\/recipes\/recipes\/sanduiche-cubano\/\">\n\t\t\t\t\t\t\t\t\t\tSanduiche Cubano\t\t\t\t\t\t\t\t\t<\/a>\n\t\t\t\t\t\t\t\t<\/h3>\n\t\t\t\t\t\t\t\t\t\t\t<div id=\"br-recipe-category-links\">\n\n\t\t\t\t<div class=\"br-author\"><i class=\"far fa-user-circle\"><\/i><span class=\"br-author-info\">Author: <a href=\"https:\/\/mvrinaldi.com.br\/recipes\/author\/mvrinaldi\/\" title=\"Posts de Marcos Vin\u00edcius\" rel=\"author\">Marcos Vin\u00edcius<\/a><\/span><\/div>\n\t\t\t\t<div class=\"br-category\"><i class=\"fas fa-tag\"><\/i><span class=\"br-cat-links\">Category: <a href=\"https:\/\/mvrinaldi.com.br\/recipes\/recipe-category\/carnes\/\" rel=\"tag\">Carnes<\/a>, <a href=\"https:\/\/mvrinaldi.com.br\/recipes\/recipe-category\/sanduiches\/\" rel=\"tag\">Sanduiches<\/a><\/span><\/div><div class=\"br-cuisine\"><i class=\"fas fa-utensils\"><\/i><span class=\"cuisine-links\">Cuisine: <a href=\"https:\/\/mvrinaldi.com.br\/recipes\/recipe-cuisine\/americana\/\" rel=\"tag\">Americana<\/a><\/span><\/div><div class=\"br-cooking-method\"><i class=\"fas fa-utensils\"><\/i><span class=\"cooking-method-links\">Cooking Method: <a href=\"https:\/\/mvrinaldi.com.br\/recipes\/recipe-cooking-method\/fogao\/\" rel=\"tag\">Fog\u00e3o<\/a>, <a href=\"https:\/\/mvrinaldi.com.br\/recipes\/recipe-cooking-method\/forno\/\" rel=\"tag\">Forno<\/a><\/span><\/div>\t\t\t<\/div>\n\t\t\t\t\t\t\t\t\t\t\t<div class=\"recipe-description\">\n\t\t\t\t\t\t\t\t\t\t\t\t\t\t\t\t\t<\/div>\n\t\t\t\t\t\t\t\t<div class=\"readmore-btn\">\n\t\t\t\t\t\t\t\t\t<a itemprop=\"url\" class=\"more-button\" href=\"https:\/\/mvrinaldi.com.br\/recipes\/recipes\/sanduiche-cubano\/\">View Recipe<\/a>\n\t\t\t\t\t\t\t\t<\/div>\n\t\t\t\t\t\t\t<\/div>\n\n\t\t\t\t\t\t<\/div>\n\t\t\t\t\t\t\t\t\t\t\t\t<div class=\"col\" itemprop=\"itemListElement\" itemscope itemtype=\"http:\/\/schema.org\/ListItem\">\n\t\t\t\t\t\t\t<meta itemprop=\"position\" content=\"158\" \/>\n\t\t\t\t\t\t\t<div class=\"img-holder\">\n\t\t\t\t\t\t\t\t<a href=\"https:\/\/mvrinaldi.com.br\/recipes\/recipes\/pudim-de-leite-condensado\/\" class=\"recipe-post-thumbnail\">\n\t\t\t\t\t\t\t\t\t<img loading=\"lazy\" decoding=\"async\" width=\"415\" height=\"313\" src=\"https:\/\/mvrinaldi.com.br\/recipes\/wp-content\/uploads\/2021\/01\/pudim-e1673808416930-415x313.png\" class=\"attachment-recipe-maker-thumbnail-size size-recipe-maker-thumbnail-size\" alt=\"\" \/>\t\t\t\t\t\t\t\t<\/a>\n\t\t\t\t\t\t\t<\/div>\n\t\t\t\t\t\t\t<div class=\"text-holder\">\n\t\t\t\t\t\t\t\t<h3 class=\"entry-title\">\n\t\t\t\t\t\t\t\t\t<a href=\"https:\/\/mvrinaldi.com.br\/recipes\/recipes\/pudim-de-leite-condensado\/\">\n\t\t\t\t\t\t\t\t\t\tPudim de Leite Condensado\t\t\t\t\t\t\t\t\t<\/a>\n\t\t\t\t\t\t\t\t<\/h3>\n\t\t\t\t\t\t\t\t\t\t\t<div id=\"br-recipe-category-links\">\n\n\t\t\t\t<div class=\"br-author\"><i class=\"far fa-user-circle\"><\/i><span class=\"br-author-info\">Author: <a href=\"https:\/\/mvrinaldi.com.br\/recipes\/author\/mvrinaldi\/\" title=\"Posts de Marcos Vin\u00edcius\" rel=\"author\">Marcos Vin\u00edcius<\/a><\/span><\/div>\n\t\t\t\t<div class=\"br-category\"><i class=\"fas fa-tag\"><\/i><span class=\"br-cat-links\">Category: <a href=\"https:\/\/mvrinaldi.com.br\/recipes\/recipe-category\/doces-e-sobremesas\/\" rel=\"tag\">Doces e Sobremesas<\/a><\/span><\/div><div class=\"br-cuisine\"><i class=\"fas fa-utensils\"><\/i><span class=\"cuisine-links\">Cuisine: <a href=\"https:\/\/mvrinaldi.com.br\/recipes\/recipe-cuisine\/brasileira\/\" rel=\"tag\">Brasileira<\/a><\/span><\/div><div class=\"br-cooking-method\"><i class=\"fas fa-utensils\"><\/i><span class=\"cooking-method-links\">Cooking Method: <a href=\"https:\/\/mvrinaldi.com.br\/recipes\/recipe-cooking-method\/fogao\/\" rel=\"tag\">Fog\u00e3o<\/a><\/span><\/div>\t\t\t<\/div>\n\t\t\t\t\t\t\t\t\t\t\t<div class=\"recipe-description\">\n\t\t\t\t\t\t\t\t\t\t\t\t\t\t\t\t\t<\/div>\n\t\t\t\t\t\t\t\t<div class=\"readmore-btn\">\n\t\t\t\t\t\t\t\t\t<a itemprop=\"url\" class=\"more-button\" href=\"https:\/\/mvrinaldi.com.br\/recipes\/recipes\/pudim-de-leite-condensado\/\">View Recipe<\/a>\n\t\t\t\t\t\t\t\t<\/div>\n\t\t\t\t\t\t\t<\/div>\n\n\t\t\t\t\t\t<\/div>\n\t\t\t\t\t\t\t\t\t\t\t\t<div class=\"col\" itemprop=\"itemListElement\" itemscope itemtype=\"http:\/\/schema.org\/ListItem\">\n\t\t\t\t\t\t\t<meta itemprop=\"position\" content=\"151\" \/>\n\t\t\t\t\t\t\t<div class=\"img-holder\">\n\t\t\t\t\t\t\t\t<a href=\"https:\/\/mvrinaldi.com.br\/recipes\/recipes\/bacalhau-gratinado\/\" class=\"recipe-post-thumbnail\">\n\t\t\t\t\t\t\t\t\t<img loading=\"lazy\" decoding=\"async\" width=\"415\" height=\"313\" src=\"https:\/\/mvrinaldi.com.br\/recipes\/wp-content\/uploads\/2021\/01\/bacalhau-grat1-415x313.png\" class=\"attachment-recipe-maker-thumbnail-size size-recipe-maker-thumbnail-size\" alt=\"\" \/>\t\t\t\t\t\t\t\t<\/a>\n\t\t\t\t\t\t\t<\/div>\n\t\t\t\t\t\t\t<div class=\"text-holder\">\n\t\t\t\t\t\t\t\t<h3 class=\"entry-title\">\n\t\t\t\t\t\t\t\t\t<a href=\"https:\/\/mvrinaldi.com.br\/recipes\/recipes\/bacalhau-gratinado\/\">\n\t\t\t\t\t\t\t\t\t\tBacalhau Gratinado\t\t\t\t\t\t\t\t\t<\/a>\n\t\t\t\t\t\t\t\t<\/h3>\n\t\t\t\t\t\t\t\t\t\t\t<div id=\"br-recipe-category-links\">\n\n\t\t\t\t<div class=\"br-author\"><i class=\"far fa-user-circle\"><\/i><span class=\"br-author-info\">Author: <a href=\"https:\/\/mvrinaldi.com.br\/recipes\/author\/mvrinaldi\/\" title=\"Posts de Marcos Vin\u00edcius\" rel=\"author\">Marcos Vin\u00edcius<\/a><\/span><\/div>\n\t\t\t\t<div class=\"br-category\"><i class=\"fas fa-tag\"><\/i><span class=\"br-cat-links\">Category: <a href=\"https:\/\/mvrinaldi.com.br\/recipes\/recipe-category\/peixes\/\" rel=\"tag\">Peixes<\/a><\/span><\/div><div class=\"br-cuisine\"><i class=\"fas fa-utensils\"><\/i><span class=\"cuisine-links\">Cuisine: <a href=\"https:\/\/mvrinaldi.com.br\/recipes\/recipe-cuisine\/portuguesa\/\" rel=\"tag\">Portuguesa<\/a><\/span><\/div><div class=\"br-cooking-method\"><i class=\"fas fa-utensils\"><\/i><span class=\"cooking-method-links\">Cooking Method: <a href=\"https:\/\/mvrinaldi.com.br\/recipes\/recipe-cooking-method\/forno\/\" rel=\"tag\">Forno<\/a><\/span><\/div>\t\t\t<\/div>\n\t\t\t\t\t\t\t\t\t\t\t<div class=\"recipe-description\">\n\t\t\t\t\t\t\t\t\tReceita do site: &nbsp; bacalhau gratinado &nbsp; &nbsp;\t\t\t\t\t\t\t\t<\/div>\n\t\t\t\t\t\t\t\t<div class=\"readmore-btn\">\n\t\t\t\t\t\t\t\t\t<a itemprop=\"url\" class=\"more-button\" href=\"https:\/\/mvrinaldi.com.br\/recipes\/recipes\/bacalhau-gratinado\/\">View Recipe<\/a>\n\t\t\t\t\t\t\t\t<\/div>\n\t\t\t\t\t\t\t<\/div>\n\n\t\t\t\t\t\t<\/div>\n\t\t\t\t\t\t\t\t\t\t\t\t<div class=\"col\" itemprop=\"itemListElement\" itemscope itemtype=\"http:\/\/schema.org\/ListItem\">\n\t\t\t\t\t\t\t<meta itemprop=\"position\" content=\"140\" \/>\n\t\t\t\t\t\t\t<div class=\"img-holder\">\n\t\t\t\t\t\t\t\t<a href=\"https:\/\/mvrinaldi.com.br\/recipes\/recipes\/confit-de-bacalhau-com-batatas-galette\/\" class=\"recipe-post-thumbnail\">\n\t\t\t\t\t\t\t\t\t<img loading=\"lazy\" decoding=\"async\" width=\"414\" height=\"313\" src=\"https:\/\/mvrinaldi.com.br\/recipes\/wp-content\/uploads\/2021\/01\/confit-e1673808647115-414x313.png\" class=\"attachment-recipe-maker-thumbnail-size size-recipe-maker-thumbnail-size\" alt=\"\" \/>\t\t\t\t\t\t\t\t<\/a>\n\t\t\t\t\t\t\t<\/div>\n\t\t\t\t\t\t\t<div class=\"text-holder\">\n\t\t\t\t\t\t\t\t<h3 class=\"entry-title\">\n\t\t\t\t\t\t\t\t\t<a href=\"https:\/\/mvrinaldi.com.br\/recipes\/recipes\/confit-de-bacalhau-com-batatas-galette\/\">\n\t\t\t\t\t\t\t\t\t\tConfit de Bacalhau com Batatas Galette\t\t\t\t\t\t\t\t\t<\/a>\n\t\t\t\t\t\t\t\t<\/h3>\n\t\t\t\t\t\t\t\t\t\t\t<div id=\"br-recipe-category-links\">\n\n\t\t\t\t<div class=\"br-author\"><i class=\"far fa-user-circle\"><\/i><span class=\"br-author-info\">Author: <a href=\"https:\/\/mvrinaldi.com.br\/recipes\/author\/mvrinaldi\/\" title=\"Posts de Marcos Vin\u00edcius\" rel=\"author\">Marcos Vin\u00edcius<\/a><\/span><\/div>\n\t\t\t\t<div class=\"br-category\"><i class=\"fas fa-tag\"><\/i><span class=\"br-cat-links\">Category: <a href=\"https:\/\/mvrinaldi.com.br\/recipes\/recipe-category\/peixes\/\" rel=\"tag\">Peixes<\/a><\/span><\/div><div class=\"br-cuisine\"><i class=\"fas fa-utensils\"><\/i><span class=\"cuisine-links\">Cuisine: <a href=\"https:\/\/mvrinaldi.com.br\/recipes\/recipe-cuisine\/portuguesa\/\" rel=\"tag\">Portuguesa<\/a><\/span><\/div><div class=\"br-cooking-method\"><i class=\"fas fa-utensils\"><\/i><span class=\"cooking-method-links\">Cooking Method: <a href=\"https:\/\/mvrinaldi.com.br\/recipes\/recipe-cooking-method\/forno\/\" rel=\"tag\">Forno<\/a><\/span><\/div>\t\t\t<\/div>\n\t\t\t\t\t\t\t\t\t\t\t<div class=\"recipe-description\">\n\t\t\t\t\t\t\t\t\tconfit de bacalhau com batatas galette\t\t\t\t\t\t\t\t<\/div>\n\t\t\t\t\t\t\t\t<div class=\"readmore-btn\">\n\t\t\t\t\t\t\t\t\t<a itemprop=\"url\" class=\"more-button\" href=\"https:\/\/mvrinaldi.com.br\/recipes\/recipes\/confit-de-bacalhau-com-batatas-galette\/\">View Recipe<\/a>\n\t\t\t\t\t\t\t\t<\/div>\n\t\t\t\t\t\t\t<\/div>\n\n\t\t\t\t\t\t<\/div>\n\t\t\t\t\t\t\t\t\t\t\t\t<div class=\"col\" itemprop=\"itemListElement\" itemscope itemtype=\"http:\/\/schema.org\/ListItem\">\n\t\t\t\t\t\t\t<meta itemprop=\"position\" content=\"137\" \/>\n\t\t\t\t\t\t\t<div class=\"img-holder\">\n\t\t\t\t\t\t\t\t<a href=\"https:\/\/mvrinaldi.com.br\/recipes\/recipes\/sorvete-caseiro\/\" class=\"recipe-post-thumbnail\">\n\t\t\t\t\t\t\t\t\t<img loading=\"lazy\" decoding=\"async\" width=\"415\" height=\"313\" src=\"https:\/\/mvrinaldi.com.br\/recipes\/wp-content\/uploads\/2020\/05\/sorvete-415x313.png\" class=\"attachment-recipe-maker-thumbnail-size size-recipe-maker-thumbnail-size\" alt=\"\" \/>\t\t\t\t\t\t\t\t<\/a>\n\t\t\t\t\t\t\t<\/div>\n\t\t\t\t\t\t\t<div class=\"text-holder\">\n\t\t\t\t\t\t\t\t<h3 class=\"entry-title\">\n\t\t\t\t\t\t\t\t\t<a href=\"https:\/\/mvrinaldi.com.br\/recipes\/recipes\/sorvete-caseiro\/\">\n\t\t\t\t\t\t\t\t\t\tSorvete Caseiro\t\t\t\t\t\t\t\t\t<\/a>\n\t\t\t\t\t\t\t\t<\/h3>\n\t\t\t\t\t\t\t\t\t\t\t<div id=\"br-recipe-category-links\">\n\n\t\t\t\t<div class=\"br-author\"><i class=\"far fa-user-circle\"><\/i><span class=\"br-author-info\">Author: <a href=\"https:\/\/mvrinaldi.com.br\/recipes\/author\/retirada-da-internet\/\" title=\"Posts de Retirada da Internet\" rel=\"author\">Retirada da Internet<\/a><\/span><\/div>\n\t\t\t\t<div class=\"br-category\"><i class=\"fas fa-tag\"><\/i><span class=\"br-cat-links\">Category: <a href=\"https:\/\/mvrinaldi.com.br\/recipes\/recipe-category\/doces-e-sobremesas\/\" rel=\"tag\">Doces e Sobremesas<\/a><\/span><\/div><div class=\"br-cuisine\"><i class=\"fas fa-utensils\"><\/i><span class=\"cuisine-links\">Cuisine: <a href=\"https:\/\/mvrinaldi.com.br\/recipes\/recipe-cuisine\/brasileira\/\" rel=\"tag\">Brasileira<\/a><\/span><\/div><div class=\"br-cooking-method\"><i class=\"fas fa-utensils\"><\/i><span class=\"cooking-method-links\">Cooking Method: <a href=\"https:\/\/mvrinaldi.com.br\/recipes\/recipe-cooking-method\/freezer\/\" rel=\"tag\">Freezer<\/a><\/span><\/div>\t\t\t<\/div>\n\t\t\t\t\t\t\t\t\t\t\t<div class=\"recipe-description\">\n\t\t\t\t\t\t\t\t\tReceita tirada do site panelaterapia: https:\/\/panelaterapia.com\/2010\/02\/sorvete-caseiro-tipo-industria.html\t\t\t\t\t\t\t\t<\/div>\n\t\t\t\t\t\t\t\t<div class=\"readmore-btn\">\n\t\t\t\t\t\t\t\t\t<a itemprop=\"url\" class=\"more-button\" href=\"https:\/\/mvrinaldi.com.br\/recipes\/recipes\/sorvete-caseiro\/\">View Recipe<\/a>\n\t\t\t\t\t\t\t\t<\/div>\n\t\t\t\t\t\t\t<\/div>\n\n\t\t\t\t\t\t<\/div>\n\t\t\t\t\t\t\t\t\t\t<\/div>\n\n\t\t\t\t<nav class=\"navigation pagination\" role=\"navigation\"><h2 class=\"screen-reader-text\">Posts navigation<\/h2><div class=\"nav-links\"><span aria-current=\"page\" class=\"page-numbers current\">1<\/span>\n<a class=\"page-numbers\" href=\"https:\/\/mvrinaldi.com.br\/recipes\/wp-json\/wp\/v2\/pages\/8\/page\/2\/\">2<\/a>\n<a class=\"next page-numbers\" href=\"https:\/\/mvrinaldi.com.br\/recipes\/wp-json\/wp\/v2\/pages\/8\/page\/2\/\">Next<\/a><\/div><\/nav>\n\n\t\t<\/div>\n\t\t\n","protected":false},"excerpt":{"rendered":"","protected":false},"author":1,"featured_media":0,"parent":0,"menu_order":0,"comment_status":"closed","ping_status":"closed","template":"","meta":{"footnotes":""},"class_list":["post-8","page","type-page","status-publish","hentry"],"_links":{"self":[{"href":"https:\/\/mvrinaldi.com.br\/recipes\/wp-json\/wp\/v2\/pages\/8","targetHints":{"allow":["GET"]}}],"collection":[{"href":"https:\/\/mvrinaldi.com.br\/recipes\/wp-json\/wp\/v2\/pages"}],"about":[{"href":"https:\/\/mvrinaldi.com.br\/recipes\/wp-json\/wp\/v2\/types\/page"}],"author":[{"embeddable":true,"href":"https:\/\/mvrinaldi.com.br\/recipes\/wp-json\/wp\/v2\/users\/1"}],"replies":[{"embeddable":true,"href":"https:\/\/mvrinaldi.com.br\/recipes\/wp-json\/wp\/v2\/comments?post=8"}],"version-history":[{"count":1,"href":"https:\/\/mvrinaldi.com.br\/recipes\/wp-json\/wp\/v2\/pages\/8\/revisions"}],"predecessor-version":[{"id":144,"href":"https:\/\/mvrinaldi.com.br\/recipes\/wp-json\/wp\/v2\/pages\/8\/revisions\/144"}],"wp:attachment":[{"href":"https:\/\/mvrinaldi.com.br\/recipes\/wp-json\/wp\/v2\/media?parent=8"}],"curies":[{"name":"wp","href":"https:\/\/api.w.org\/{rel}","templated":true}]}}