{"id":2,"date":"2020-04-26T21:58:38","date_gmt":"2020-04-27T00:58:38","guid":{"rendered":"http:\/\/mvrinaldi.site\/recipes\/?page_id=2"},"modified":"2023-01-13T16:47:08","modified_gmt":"2023-01-13T19:47:08","slug":"pagina-inicial","status":"publish","type":"page","link":"https:\/\/mvrinaldi.com.br\/recipes\/","title":{"rendered":"P\u00e1gina Inicial"},"content":{"rendered":"\n<p>Esta \u00e9 uma p\u00e1gina particular que serve como livro de receitas. As receitas que fiz, fa\u00e7o ou quero fazer. N\u00e3o tem nenhum interesse comercial e nem se presta a ser p\u00fablica.<\/p>\n","protected":false},"excerpt":{"rendered":"<p>Esta \u00e9 uma p\u00e1gina particular que serve como livro de receitas. As receitas que fiz, fa\u00e7o ou quero fazer. N\u00e3o tem nenhum interesse comercial e nem se presta a ser p\u00fablica.<\/p>\n","protected":false},"author":1,"featured_media":0,"parent":0,"menu_order":0,"comment_status":"closed","ping_status":"closed","template":"","meta":{"footnotes":""},"class_list":["post-2","page","type-page","status-publish","hentry"],"_links":{"self":[{"href":"https:\/\/mvrinaldi.com.br\/recipes\/wp-json\/wp\/v2\/pages\/2","targetHints":{"allow":["GET"]}}],"collection":[{"href":"https:\/\/mvrinaldi.com.br\/recipes\/wp-json\/wp\/v2\/pages"}],"about":[{"href":"https:\/\/mvrinaldi.com.br\/recipes\/wp-json\/wp\/v2\/types\/page"}],"author":[{"embeddable":true,"href":"https:\/\/mvrinaldi.com.br\/recipes\/wp-json\/wp\/v2\/users\/1"}],"replies":[{"embeddable":true,"href":"https:\/\/mvrinaldi.com.br\/recipes\/wp-json\/wp\/v2\/comments?post=2"}],"version-history":[{"count":4,"href":"https:\/\/mvrinaldi.com.br\/recipes\/wp-json\/wp\/v2\/pages\/2\/revisions"}],"predecessor-version":[{"id":256,"href":"https:\/\/mvrinaldi.com.br\/recipes\/wp-json\/wp\/v2\/pages\/2\/revisions\/256"}],"wp:attachment":[{"href":"https:\/\/mvrinaldi.com.br\/recipes\/wp-json\/wp\/v2\/media?parent=2"}],"curies":[{"name":"wp","href":"https:\/\/api.w.org\/{rel}","templated":true}]}}